{"id":29301,"date":"2024-09-06T04:37:34","date_gmt":"2024-09-06T02:37:34","guid":{"rendered":"https:\/\/aaceipiwip.fructusintellectus.fr\/?page_id=29301"},"modified":"2024-09-14T20:40:48","modified_gmt":"2024-09-14T18:40:48","slug":"adhereraaceipi","status":"publish","type":"page","link":"https:\/\/aaceipi.com\/en\/adhereraaceipi\/","title":{"rendered":"Adh\u00e9rer \u00e0 l&rsquo;AACEIPI"},"content":{"rendered":"<p>[et_pb_section fb_built=\u00a0\u00bb1&Prime; admin_label=\u00a0\u00bbCall to Action\u00a0\u00bb _builder_version=\u00a0\u00bb4.27.0&Prime; _module_preset=\u00a0\u00bbdefault\u00a0\u00bb background_color=\u00a0\u00bbgcid-3cfc8c0c-5557-4a5d-9dab-24e78d615311&Prime; background_image=\u00a0\u00bbhttps:\/\/aaceipi.com\/wp-content\/uploads\/2024\/09\/consulting-22-3.png\u00a0\u00bb background_size=\u00a0\u00bbcustom\u00a0\u00bb background_image_height=\u00a0\u00bb70%\u00a0\u00bb background_position=\u00a0\u00bbtop_right\u00a0\u00bb custom_padding=\u00a0\u00bb||7px|||\u00a0\u00bb collapsed=\u00a0\u00bbon\u00a0\u00bb global_colors_info=\u00a0\u00bb{%22gcid-3cfc8c0c-5557-4a5d-9dab-24e78d615311%22:%91%22background_color%22%93}\u00a0\u00bb][et_pb_row column_structure=\u00a0\u00bb1_2,1_2&Prime; _builder_version=\u00a0\u00bb4.27.0&Prime; _module_preset=\u00a0\u00bbdefault\u00a0\u00bb global_colors_info=\u00a0\u00bb{}\u00a0\u00bb][et_pb_column type=\u00a0\u00bb1_2&Prime; _builder_version=\u00a0\u00bb4.22.0&Prime; _module_preset=\u00a0\u00bbdefault\u00a0\u00bb global_colors_info=\u00a0\u00bb{}\u00a0\u00bb][et_pb_text _builder_version=\u00a0\u00bb4.27.0&Prime; _module_preset=\u00a0\u00bb2a766977-4226-4d7a-aaa7-25db451e91a8&Prime; global_colors_info=\u00a0\u00bb{}\u00a0\u00bb]<\/p>\n<h2>Vous souhaitez adh\u00e9rer \u00e0 l&rsquo;AACEIPI ?<\/h2>\n<p>[\/et_pb_text][et_pb_text _builder_version=\u00a0\u00bb4.22.0&Prime; _module_preset=\u00a0\u00bb40de9fb7-8dce-4d00-87ed-e8486b6654ed\u00a0\u00bb global_colors_info=\u00a0\u00bb{}\u00a0\u00bb]<\/p>\n<p>Faites le premier pas pour b\u00e9n\u00e9ficier des avantages exclusifs du r\u00e9seau. Adh\u00e9rez d\u00e8s maintenant \u00e0 l&rsquo;AACEIPI et d\u00e9couvrez comment notre association peut vous accompagner vers de nouvelles opportunit\u00e9s et r\u00e9ussites.<\/p>\n<p>[\/et_pb_text][\/et_pb_column][et_pb_column type=\u00a0\u00bb1_2&Prime; _builder_version=\u00a0\u00bb4.22.0&Prime; _module_preset=\u00a0\u00bbdefault\u00a0\u00bb global_colors_info=\u00a0\u00bb{}\u00a0\u00bb][\/et_pb_column][\/et_pb_row][\/et_pb_section][et_pb_section fb_built=\u00a0\u00bb1&Prime; admin_label=\u00a0\u00bbHeader\u00a0\u00bb _builder_version=\u00a0\u00bb4.27.0&Prime; _module_preset=\u00a0\u00bbdefault\u00a0\u00bb background_color=\u00a0\u00bbgcid-3cfc8c0c-5557-4a5d-9dab-24e78d615311&Prime; custom_padding=\u00a0\u00bb20px|||||\u00a0\u00bb collapsed=\u00a0\u00bbon\u00a0\u00bb global_colors_info=\u00a0\u00bb{%22gcid-3cfc8c0c-5557-4a5d-9dab-24e78d615311%22:%91%22background_color%22%93}\u00a0\u00bb][et_pb_row make_equal=\u00a0\u00bbon\u00a0\u00bb _builder_version=\u00a0\u00bb4.27.0&Prime; _module_preset=\u00a0\u00bbdefault\u00a0\u00bb custom_padding=\u00a0\u00bb4px|||||\u00a0\u00bb global_colors_info=\u00a0\u00bb{}\u00a0\u00bb][et_pb_column type=\u00a0\u00bb4_4&Prime; _builder_version=\u00a0\u00bb4.22.0&Prime; _module_preset=\u00a0\u00bbdefault\u00a0\u00bb background_color=\u00a0\u00bb#FFFFFF\u00a0\u00bb custom_padding=\u00a0\u00bb40px|40px|40px|40px|true|true\u00a0\u00bb custom_padding_tablet=\u00a0\u00bb30px|30px|30px|30px|true|true\u00a0\u00bb custom_padding_phone=\u00a0\u00bb20px|20px|20px|20px|true|true\u00a0\u00bb custom_padding_last_edited=\u00a0\u00bbon|tablet\u00a0\u00bb global_colors_info=\u00a0\u00bb{}\u00a0\u00bb][et_pb_text _builder_version=\u00a0\u00bb4.27.0&Prime; _module_preset=\u00a0\u00bbdefault\u00a0\u00bb global_colors_info=\u00a0\u00bb{}\u00a0\u00bb]<\/p>\n<div id=\"bgLayers_comp-lozmg8y0\" data-hook=\"bgLayers\" data-motion-part=\"BG_LAYER\" class=\"MW5IWV\">\n<div id=\"bgMedia_comp-lozmg8y0\" data-motion-part=\"BG_MEDIA\" class=\"VgO9Yg\">\n<p class=\"font_7 wixui-rich-text__text\"><span class=\"wixui-rich-text__text\"><strong>Les membres de l&rsquo;association b\u00e9n\u00e9ficient en priorit\u00e9 des activit\u00e9s propos\u00e9es par et pour le r\u00e9seau Alumni du CEIPI :<\/strong> <\/span><\/p>\n<ul class=\"font_7 wixui-rich-text__text\">\n<li class=\"wixui-rich-text__text\">\n<p class=\"font_7 wixui-rich-text__text\"><span class=\"wixui-rich-text__text\">Rencontres professionnelles<\/span><\/p>\n<\/li>\n<li class=\"wixui-rich-text__text\">\n<p class=\"font_7 wixui-rich-text__text\"><span class=\"wixui-rich-text__text\">Conf\u00e9rences, Ateliers et Webinaires<\/span><\/p>\n<\/li>\n<li class=\"wixui-rich-text__text\">\n<p class=\"font_7 wixui-rich-text__text\"><span class=\"wixui-rich-text__text\">Offre d&#8217;emploi et ateliers carri\u00e8res<\/span><\/p>\n<\/li>\n<li class=\"wixui-rich-text__text\">\n<p class=\"font_7 wixui-rich-text__text\"><span class=\"wixui-rich-text__text\">Parrainage &amp; Mentorat<\/span><\/p>\n<\/li>\n<li class=\"wixui-rich-text__text\">\n<p class=\"font_7 wixui-rich-text__text\"><span class=\"wixui-rich-text__text\">Annuaire actualis\u00e9 &amp; Plateforme de mise en relation<\/span><\/p>\n<\/li>\n<li class=\"wixui-rich-text__text\">\n<p class=\"font_7 wixui-rich-text__text\"><span class=\"wixui-rich-text__text\">Actualit\u00e9 juridique, Prises de positions publiques<\/span><\/p>\n<\/li>\n<li class=\"wixui-rich-text__text\">\n<p class=\"font_7 wixui-rich-text__text\"><span class=\"wixui-rich-text__text\">Cocktails, Diners et Activit\u00e9s culturelles<\/span><\/p>\n<\/li>\n<\/ul>\n<p class=\"font_7 wixui-rich-text__text\"><span class=\"wixui-rich-text__text\">Vous b\u00e9n\u00e9ficiez d&rsquo;un acc\u00e8s \u00e0 des\u00a0<\/span><span class=\"wixui-rich-text__text\">offres d&#8217;emploi, de stage et de mise en relation.<\/span><\/p>\n<p class=\"font_7 wixui-rich-text__text\"><span class=\"wixui-rich-text__text\">Pour adh\u00e9rer, il vous faut remplir le formulaire de renseignement accessible en suivant l&rsquo;encart ci-dessous et vous acquitter de la cotisation d&rsquo;un minimum de 35 \u20ac.<\/span><\/p>\n<\/div>\n<\/div>\n<p>[\/et_pb_text][\/et_pb_column][\/et_pb_row][et_pb_row _builder_version=\u00a0\u00bb4.27.0&Prime; _module_preset=\u00a0\u00bbdefault\u00a0\u00bb global_colors_info=\u00a0\u00bb{}\u00a0\u00bb][et_pb_column type=\u00a0\u00bb4_4&Prime; _builder_version=\u00a0\u00bb4.27.0&Prime; _module_preset=\u00a0\u00bbdefault\u00a0\u00bb global_colors_info=\u00a0\u00bb{}\u00a0\u00bb][et_pb_code admin_label=\u00a0\u00bbadherer\u00a0\u00bb _builder_version=\u00a0\u00bb4.27.0&Prime; _module_preset=\u00a0\u00bbdefault\u00a0\u00bb hover_enabled=\u00a0\u00bb0&Prime; global_colors_info=\u00a0\u00bb{}\u00a0\u00bb sticky_enabled=\u00a0\u00bb0&Prime;][pmpro_levels][\/et_pb_code][\/et_pb_column][\/et_pb_row][\/et_pb_section]<\/p>","protected":false},"excerpt":{"rendered":"<p>Vous souhaitez adh\u00e9rer \u00e0 l&rsquo;AACEIPI ?Faites le premier pas pour b\u00e9n\u00e9ficier des avantages exclusifs du r\u00e9seau. Adh\u00e9rez d\u00e8s maintenant \u00e0 l&rsquo;AACEIPI et d\u00e9couvrez comment notre association peut vous accompagner vers [&hellip;]<\/p>","protected":false},"author":1,"featured_media":0,"parent":0,"menu_order":0,"comment_status":"closed","ping_status":"closed","template":"","meta":{"_et_pb_use_builder":"on","_et_pb_old_content":"","_et_gb_content_width":"","pmpro_default_level":"","footnotes":""},"class_list":["post-29301","page","type-page","status-publish","hentry","pmpro-has-access"],"_links":{"self":[{"href":"https:\/\/aaceipi.com\/en\/wp-json\/wp\/v2\/pages\/29301","targetHints":{"allow":["GET"]}}],"collection":[{"href":"https:\/\/aaceipi.com\/en\/wp-json\/wp\/v2\/pages"}],"about":[{"href":"https:\/\/aaceipi.com\/en\/wp-json\/wp\/v2\/types\/page"}],"author":[{"embeddable":true,"href":"https:\/\/aaceipi.com\/en\/wp-json\/wp\/v2\/users\/1"}],"replies":[{"embeddable":true,"href":"https:\/\/aaceipi.com\/en\/wp-json\/wp\/v2\/comments?post=29301"}],"version-history":[{"count":19,"href":"https:\/\/aaceipi.com\/en\/wp-json\/wp\/v2\/pages\/29301\/revisions"}],"predecessor-version":[{"id":29574,"href":"https:\/\/aaceipi.com\/en\/wp-json\/wp\/v2\/pages\/29301\/revisions\/29574"}],"wp:attachment":[{"href":"https:\/\/aaceipi.com\/en\/wp-json\/wp\/v2\/media?parent=29301"}],"curies":[{"name":"wp","href":"https:\/\/api.w.org\/{rel}","templated":true}]}}